{"id":2509,"date":"2024-03-13T16:16:31","date_gmt":"2024-03-13T15:16:31","guid":{"rendered":"https:\/\/anolisa.oniti.pro\/?page_id=2509"},"modified":"2026-02-19T16:45:08","modified_gmt":"2026-02-19T15:45:08","slug":"menciones-legales","status":"publish","type":"page","link":"https:\/\/www.hotelpetitduquesne.com\/es\/mentions-legales\/","title":{"rendered":"Menciones legales"},"content":{"rendered":"<div data-elementor-type=\"wp-page\" data-elementor-id=\"2509\" class=\"elementor elementor-2509\" data-elementor-post-type=\"page\">\n\t\t\t\t\t\t<section class=\"elementor-section elementor-top-section elementor-element elementor-element-00cfe7c elementor-section-boxed elementor-section-height-default elementor-section-height-default\" data-id=\"00cfe7c\" data-element_type=\"section\" data-e-type=\"section\">\n\t\t\t\t\t\t<div class=\"elementor-container elementor-column-gap-no\">\n\t\t\t\t\t<div class=\"elementor-column elementor-col-100 elementor-top-column elementor-element elementor-element-6e0a26b\" data-id=\"6e0a26b\" data-element_type=\"column\" data-e-type=\"column\">\n\t\t\t<div class=\"elementor-widget-wrap elementor-element-populated\">\n\t\t\t\t\t\t<div class=\"elementor-element elementor-element-721f323 elementor-widget elementor-widget-heading\" data-id=\"721f323\" data-element_type=\"widget\" data-e-type=\"widget\" data-widget_type=\"heading.default\">\n\t\t\t\t<div class=\"elementor-widget-container\">\n\t\t\t\t\t<h1 class=\"elementor-heading-title elementor-size-default\">Menciones legales<\/h1>\t\t\t\t<\/div>\n\t\t\t\t<\/div>\n\t\t\t\t\t<\/div>\n\t\t<\/div>\n\t\t\t\t\t<\/div>\n\t\t<\/section>\n\t\t\t\t<section class=\"elementor-section elementor-top-section elementor-element elementor-element-bbdfceb elementor-section-boxed elementor-section-height-default elementor-section-height-default\" data-id=\"bbdfceb\" data-element_type=\"section\" data-e-type=\"section\">\n\t\t\t\t\t\t<div class=\"elementor-container elementor-column-gap-no\">\n\t\t\t\t\t<div class=\"elementor-column elementor-col-100 elementor-top-column elementor-element elementor-element-e27d4f9\" data-id=\"e27d4f9\" data-element_type=\"column\" data-e-type=\"column\">\n\t\t\t<div class=\"elementor-widget-wrap elementor-element-populated\">\n\t\t\t\t\t\t<div class=\"elementor-element elementor-element-c488af3 elementor-widget elementor-widget-heading\" data-id=\"c488af3\" data-element_type=\"widget\" data-e-type=\"widget\" data-widget_type=\"heading.default\">\n\t\t\t\t<div class=\"elementor-widget-container\">\n\t\t\t\t\t<h2 class=\"elementor-heading-title elementor-size-default\">Termes et conditions<\/h2>\t\t\t\t<\/div>\n\t\t\t\t<\/div>\n\t\t\t\t\t<\/div>\n\t\t<\/div>\n\t\t\t\t\t<\/div>\n\t\t<\/section>\n\t\t\t\t<section class=\"elementor-section elementor-top-section elementor-element elementor-element-ef3581a elementor-section-boxed elementor-section-height-default elementor-section-height-default\" data-id=\"ef3581a\" data-element_type=\"section\" data-e-type=\"section\">\n\t\t\t\t\t\t<div class=\"elementor-container elementor-column-gap-no\">\n\t\t\t\t\t<div class=\"elementor-column elementor-col-100 elementor-top-column elementor-element elementor-element-fcfbd9d\" data-id=\"fcfbd9d\" data-element_type=\"column\" data-e-type=\"column\">\n\t\t\t<div class=\"elementor-widget-wrap elementor-element-populated\">\n\t\t\t\t\t\t<div class=\"elementor-element elementor-element-dfa2a39 elementor-widget elementor-widget-text-editor\" data-id=\"dfa2a39\" data-element_type=\"widget\" data-e-type=\"widget\" data-widget_type=\"text-editor.default\">\n\t\t\t\t<div class=\"elementor-widget-container\">\n\t\t\t\t\t\t\t\t\t<p>Conform\u00e9ment \u00e0 la loi n\u00b02004-575 du 21 juin dans la Confiance dans l\u2019\u00e9conomie num\u00e9rique, sont\u00a0<span style=\"color: var( --e-global-color-text ); font-size: 1rem;\">expos\u00e9s \u00e0 suivre les donn\u00e9es d\u2019identification de la soci\u00e9t\u00e9 propri\u00e9taire du domaine \u201chotels-centre-nantes.fr\u201d\u00a0<\/span><span style=\"color: var( --e-global-color-text ); font-size: 1rem;\">:<\/span><\/p>\t\t\t\t\t\t\t\t<\/div>\n\t\t\t\t<\/div>\n\t\t\t\t<div class=\"elementor-element elementor-element-5dcee2f elementor-widget elementor-widget-text-editor\" data-id=\"5dcee2f\" data-element_type=\"widget\" data-e-type=\"widget\" data-widget_type=\"text-editor.default\">\n\t\t\t\t<div class=\"elementor-widget-container\">\n\t\t\t\t\t\t\t\t\t<ul>\n \t<li><span style=\"background-color: transparent;\">Raison sociale : SAS Anolisa<\/span><\/li>\n \t<li>N\u00b0 SIRET : 53474800900014<\/li>\n \t<li>Si\u00e8ge social :\u00a011 rue Guibal, 44000 Nantes, France<\/li>\n \t<li><span style=\"background-color: transparent; color: var( --e-global-color-text );\">T\u00e9l\u00e9phone : +33 (0) 2 40 47 05 57<\/span><\/li>\n \t<li><span style=\"background-color: transparent;\">Adresse e-mail : <a class=\"anolisa-link-dark\" href=\"mailto:matthieu.demontferrand@anolisa.fr\" target=\"_blank\" rel=\"noopener\">matthieu.demontferrand@<wbr \/>anolisa.fr<\/a>\n<\/span><\/li>\n<\/ul>\t\t\t\t\t\t\t\t<\/div>\n\t\t\t\t<\/div>\n\t\t\t\t<div class=\"elementor-element elementor-element-93e3362 elementor-widget elementor-widget-text-editor\" data-id=\"93e3362\" data-element_type=\"widget\" data-e-type=\"widget\" data-widget_type=\"text-editor.default\">\n\t\t\t\t<div class=\"elementor-widget-container\">\n\t\t\t\t\t\t\t\t\t<p>L\u2019utilisateur est le seul responsable de l\u2019utilisation qu\u2019il fait des services, contenus, liens et\u00a0<span style=\"color: var( --e-global-color-text ); font-size: 1rem;\">hypertextes inclus dans le pr\u00e9sent site Internet. \u00ab\u00a0<\/span>SAS Anolisa<span style=\"color: var( --e-global-color-text ); font-size: 1rem;\">\u00a0\u00bb n\u2019est pas responsable de l\u2019utilisation\u00a0<\/span><span style=\"color: var( --e-global-color-text ); font-size: 1rem;\">ill\u00e9gitime faite par des tiers du mat\u00e9riel pr\u00e9c\u00e9demment nomm\u00e9.<\/span><\/p>\t\t\t\t\t\t\t\t<\/div>\n\t\t\t\t<\/div>\n\t\t\t\t<div class=\"elementor-element elementor-element-7f77116 elementor-widget elementor-widget-text-editor\" data-id=\"7f77116\" data-element_type=\"widget\" data-e-type=\"widget\" data-widget_type=\"text-editor.default\">\n\t\t\t\t<div class=\"elementor-widget-container\">\n\t\t\t\t\t\t\t\t\t<p>Ni \u00ab SAS Anolisa\u00a0\u00bb ni aucune autre partie impliqu\u00e9e dans la cr\u00e9ation, production ou fourniture de ce\u00a0<span style=\"color: var( --e-global-color-text ); font-size: 1rem;\">site ne sera responsable des pr\u00e9judices, co\u00fbts, pertes ou responsabilit\u00e9s directes ou impr\u00e9vus\u00a0<\/span><span style=\"color: var( --e-global-color-text ); font-size: 1rem;\">indirects ou punitifs qui pourraient se produire du fait de l\u2019acc\u00e8s ou de l\u2019utilisation de ce site.<\/span><\/p>\t\t\t\t\t\t\t\t<\/div>\n\t\t\t\t<\/div>\n\t\t\t\t<div class=\"elementor-element elementor-element-8fc3e2c elementor-widget elementor-widget-text-editor\" data-id=\"8fc3e2c\" data-element_type=\"widget\" data-e-type=\"widget\" data-widget_type=\"text-editor.default\">\n\t\t\t\t<div class=\"elementor-widget-container\">\n\t\t\t\t\t\t\t\t\t<p>\u00ab SAS Anolisa\u00a0\u00bb ne garantit pas l\u2019exactitude des informations contenues sur ce site. D\u2019autre part, \u00abSAS Anolisa<span style=\"color: var( --e-global-color-text ); font-size: 1rem;\">\u00a0\u00bb ne sera pas responsable des d\u00e9g\u00e2ts ou virus qui pourraient infecter votre ordinateur ou\u00a0<\/span><span style=\"color: var( --e-global-color-text ); font-size: 1rem;\">toute autre dispositif de votre propri\u00e9t\u00e9 du fait de l\u2019utilisation, acc\u00e8s ou t\u00e9l\u00e9chargement de mat\u00e9riel\u00a0<\/span><span style=\"color: var( --e-global-color-text ); font-size: 1rem;\">provenant de ce site.<\/span><\/p>\t\t\t\t\t\t\t\t<\/div>\n\t\t\t\t<\/div>\n\t\t\t\t\t<\/div>\n\t\t<\/div>\n\t\t\t\t\t<\/div>\n\t\t<\/section>\n\t\t\t\t<section class=\"elementor-section elementor-top-section elementor-element elementor-element-f4e7fca elementor-section-boxed elementor-section-height-default elementor-section-height-default\" data-id=\"f4e7fca\" data-element_type=\"section\" data-e-type=\"section\">\n\t\t\t\t\t\t<div class=\"elementor-container elementor-column-gap-no\">\n\t\t\t\t\t<div class=\"elementor-column elementor-col-100 elementor-top-column elementor-element elementor-element-fe16544\" data-id=\"fe16544\" data-element_type=\"column\" data-e-type=\"column\">\n\t\t\t<div class=\"elementor-widget-wrap elementor-element-populated\">\n\t\t\t\t\t\t<div class=\"elementor-element elementor-element-912e853 elementor-widget elementor-widget-heading\" data-id=\"912e853\" data-element_type=\"widget\" data-e-type=\"widget\" data-widget_type=\"heading.default\">\n\t\t\t\t<div class=\"elementor-widget-container\">\n\t\t\t\t\t<h2 class=\"elementor-heading-title elementor-size-default\">Copyright<\/h2>\t\t\t\t<\/div>\n\t\t\t\t<\/div>\n\t\t\t\t\t<\/div>\n\t\t<\/div>\n\t\t\t\t\t<\/div>\n\t\t<\/section>\n\t\t\t\t<section class=\"elementor-section elementor-top-section elementor-element elementor-element-dcca433 elementor-section-boxed elementor-section-height-default elementor-section-height-default\" data-id=\"dcca433\" data-element_type=\"section\" data-e-type=\"section\">\n\t\t\t\t\t\t<div class=\"elementor-container elementor-column-gap-no\">\n\t\t\t\t\t<div class=\"elementor-column elementor-col-100 elementor-top-column elementor-element elementor-element-7d67fee\" data-id=\"7d67fee\" data-element_type=\"column\" data-e-type=\"column\">\n\t\t\t<div class=\"elementor-widget-wrap elementor-element-populated\">\n\t\t\t\t\t\t<div class=\"elementor-element elementor-element-70040ba elementor-widget elementor-widget-text-editor\" data-id=\"70040ba\" data-element_type=\"widget\" data-e-type=\"widget\" data-widget_type=\"text-editor.default\">\n\t\t\t\t<div class=\"elementor-widget-container\">\n\t\t\t\t\t\t\t\t\t<p>Tout le mat\u00e9riel audiovisuel, marques enregistr\u00e9es ou tout \u00e9l\u00e9ment sujet \u00e0 propri\u00e9t\u00e9 intellectuelle ou\u00a0<span style=\"color: var( --e-global-color-text ); font-size: 1rem;\">industrielle inclus sur ce site est propri\u00e9t\u00e9 de \u00ab\u00a0<\/span>SAS Anolisa<span style=\"color: var( --e-global-color-text ); font-size: 1rem;\">\u00a0\u00bb ou dispose des droits suffisants pour en\u00a0<\/span><span style=\"color: var( --e-global-color-text ); font-size: 1rem;\">faire usage. La reproduction de ce mat\u00e9riel n\u2019est permise que pour un usage exclusivement\u00a0<\/span><span style=\"color: var( --e-global-color-text ); font-size: 1rem;\">personnel ; toute modification, reproduction, adaptation, location, pr\u00eat, transmission ou toute autre\u00a0<\/span><span style=\"color: var( --e-global-color-text ); font-size: 1rem;\">diffusion, m\u00eame partielle, non autoris\u00e9e, restant interdite.<\/span><\/p>\t\t\t\t\t\t\t\t<\/div>\n\t\t\t\t<\/div>\n\t\t\t\t<div class=\"elementor-element elementor-element-f0ce021 elementor-widget elementor-widget-text-editor\" data-id=\"f0ce021\" data-element_type=\"widget\" data-e-type=\"widget\" data-widget_type=\"text-editor.default\">\n\t\t\t\t<div class=\"elementor-widget-container\">\n\t\t\t\t\t\t\t\t\tR\u00e9alisation graphique : <a class=\"anolisa-link-dark\" href=\"https:\/\/maak7.online\/studio-maak7-studio-graphique\/\" target=\"_blank\" rel=\"noopener\">maak7<\/a>\t\t\t\t\t\t\t\t<\/div>\n\t\t\t\t<\/div>\n\t\t\t\t<div class=\"elementor-element elementor-element-20758a4 elementor-widget elementor-widget-text-editor\" data-id=\"20758a4\" data-element_type=\"widget\" data-e-type=\"widget\" data-widget_type=\"text-editor.default\">\n\t\t\t\t<div class=\"elementor-widget-container\">\n\t\t\t\t\t\t\t\t\t<p>R\u00e9alisation technique : <a class=\"anolisa-link-dark\" href=\"https:\/\/www.oniti.fr\/?utm_source=website&amp;utm_medium=mentions-legales&amp;utm_campaign=hotel-petit-duquesne\" target=\"_blank\" rel=\"noopener\">Oniti<\/a><\/p>\t\t\t\t\t\t\t\t<\/div>\n\t\t\t\t<\/div>\n\t\t\t\t\t<\/div>\n\t\t<\/div>\n\t\t\t\t\t<\/div>\n\t\t<\/section>\n\t\t\t\t<\/div>","protected":false},"excerpt":{"rendered":"<p>Mentions l\u00e9gales Termes et conditions Conform\u00e9ment \u00e0 la loi n\u00b02004-575 du 21 juin dans la Confiance dans l\u2019\u00e9conomie num\u00e9rique, sont\u00a0expos\u00e9s \u00e0 suivre les donn\u00e9es d\u2019identification de la soci\u00e9t\u00e9 propri\u00e9taire du domaine \u201chotels-centre-nantes.fr\u201d\u00a0: Raison sociale : SAS Anolisa N\u00b0 SIRET : 53474800900014 Si\u00e8ge social :\u00a011 rue Guibal, 44000 Nantes, France T\u00e9l\u00e9phone : +33 (0) 2 40 [&hellip;]<\/p>\n","protected":false},"author":7,"featured_media":0,"parent":0,"menu_order":0,"comment_status":"closed","ping_status":"closed","template":"","meta":{"footnotes":""},"pages-categories":[],"pages-tags":[],"class_list":["post-2509","page","type-page","status-publish","hentry"],"yoast_head":"<!-- This site is optimized with the Yoast SEO plugin v27.3 - https:\/\/yoast.com\/product\/yoast-seo-wordpress\/ -->\n<title>Mentions l\u00e9gales - H\u00f4tel Petit Duquesne Nantes<\/title>\n<meta name=\"robots\" content=\"index, follow, max-snippet:-1, max-image-preview:large, max-video-preview:-1\" \/>\n<link rel=\"canonical\" href=\"https:\/\/www.hotelpetitduquesne.com\/es\/menciones-legales\/\" \/>\n<meta property=\"og:locale\" content=\"es_ES\" \/>\n<meta property=\"og:type\" content=\"article\" \/>\n<meta property=\"og:title\" content=\"Mentions l\u00e9gales - H\u00f4tel Petit Duquesne Nantes\" \/>\n<meta property=\"og:description\" content=\"Mentions l\u00e9gales Termes et conditions Conform\u00e9ment \u00e0 la loi n\u00b02004-575 du 21 juin dans la Confiance dans l\u2019\u00e9conomie num\u00e9rique, sont\u00a0expos\u00e9s \u00e0 suivre les donn\u00e9es d\u2019identification de la soci\u00e9t\u00e9 propri\u00e9taire du domaine \u201chotels-centre-nantes.fr\u201d\u00a0: Raison sociale : SAS Anolisa N\u00b0 SIRET : 53474800900014 Si\u00e8ge social :\u00a011 rue Guibal, 44000 Nantes, France T\u00e9l\u00e9phone : +33 (0) 2 40 [&hellip;]\" \/>\n<meta property=\"og:url\" content=\"https:\/\/www.hotelpetitduquesne.com\/es\/menciones-legales\/\" \/>\n<meta property=\"og:site_name\" content=\"H\u00f4tel Petit Duquesne Nantes\" \/>\n<meta property=\"article:modified_time\" content=\"2026-02-19T15:45:08+00:00\" \/>\n<meta name=\"twitter:card\" content=\"summary_large_image\" \/>\n<meta name=\"twitter:label1\" content=\"Tiempo de lectura\" \/>\n\t<meta name=\"twitter:data1\" content=\"2 minutos\" \/>\n<script type=\"application\/ld+json\" class=\"yoast-schema-graph\">{\"@context\":\"https:\\\/\\\/schema.org\",\"@graph\":[{\"@type\":\"WebPage\",\"@id\":\"https:\\\/\\\/www.hotelpetitduquesne.com\\\/mentions-legales\\\/\",\"url\":\"https:\\\/\\\/www.hotelpetitduquesne.com\\\/mentions-legales\\\/\",\"name\":\"Mentions l\u00e9gales - H\u00f4tel Petit Duquesne Nantes\",\"isPartOf\":{\"@id\":\"https:\\\/\\\/www.hotelpetitduquesne.com\\\/#website\"},\"datePublished\":\"2024-03-13T15:16:31+00:00\",\"dateModified\":\"2026-02-19T15:45:08+00:00\",\"breadcrumb\":{\"@id\":\"https:\\\/\\\/www.hotelpetitduquesne.com\\\/mentions-legales\\\/#breadcrumb\"},\"inLanguage\":\"es\",\"potentialAction\":[{\"@type\":\"ReadAction\",\"target\":[\"https:\\\/\\\/www.hotelpetitduquesne.com\\\/mentions-legales\\\/\"]}]},{\"@type\":\"BreadcrumbList\",\"@id\":\"https:\\\/\\\/www.hotelpetitduquesne.com\\\/mentions-legales\\\/#breadcrumb\",\"itemListElement\":[{\"@type\":\"ListItem\",\"position\":1,\"name\":\"Accueil\",\"item\":\"https:\\\/\\\/www.hotelpetitduquesne.com\\\/\"},{\"@type\":\"ListItem\",\"position\":2,\"name\":\"Mentions l\u00e9gales\"}]},{\"@type\":\"WebSite\",\"@id\":\"https:\\\/\\\/www.hotelpetitduquesne.com\\\/#website\",\"url\":\"https:\\\/\\\/www.hotelpetitduquesne.com\\\/\",\"name\":\"H\u00f4tel Petit Duquesne Nantes\",\"description\":\"H\u00f4tel au centre de Nantes\",\"publisher\":{\"@id\":\"https:\\\/\\\/www.hotelpetitduquesne.com\\\/#organization\"},\"potentialAction\":[{\"@type\":\"SearchAction\",\"target\":{\"@type\":\"EntryPoint\",\"urlTemplate\":\"https:\\\/\\\/www.hotelpetitduquesne.com\\\/?s={search_term_string}\"},\"query-input\":{\"@type\":\"PropertyValueSpecification\",\"valueRequired\":true,\"valueName\":\"search_term_string\"}}],\"inLanguage\":\"es\"},{\"@type\":\"Organization\",\"@id\":\"https:\\\/\\\/www.hotelpetitduquesne.com\\\/#organization\",\"name\":\"H\u00f4tel Petit Duquesne Nantes\",\"url\":\"https:\\\/\\\/www.hotelpetitduquesne.com\\\/\",\"logo\":{\"@type\":\"ImageObject\",\"inLanguage\":\"es\",\"@id\":\"https:\\\/\\\/www.hotelpetitduquesne.com\\\/#\\\/schema\\\/logo\\\/image\\\/\",\"url\":\"https:\\\/\\\/www.hotelpetitduquesne.com\\\/wp-content\\\/uploads\\\/2024\\\/01\\\/Logo-Duquesne-horizontal.png\",\"contentUrl\":\"https:\\\/\\\/www.hotelpetitduquesne.com\\\/wp-content\\\/uploads\\\/2024\\\/01\\\/Logo-Duquesne-horizontal.png\",\"width\":208,\"height\":82,\"caption\":\"H\u00f4tel Petit Duquesne Nantes\"},\"image\":{\"@id\":\"https:\\\/\\\/www.hotelpetitduquesne.com\\\/#\\\/schema\\\/logo\\\/image\\\/\"}}]}<\/script>\n<!-- \/ Yoast SEO plugin. -->","yoast_head_json":{"title":"Mentions l\u00e9gales - H\u00f4tel Petit Duquesne Nantes","robots":{"index":"index","follow":"follow","max-snippet":"max-snippet:-1","max-image-preview":"max-image-preview:large","max-video-preview":"max-video-preview:-1"},"canonical":"https:\/\/www.hotelpetitduquesne.com\/es\/menciones-legales\/","og_locale":"es_ES","og_type":"article","og_title":"Mentions l\u00e9gales - H\u00f4tel Petit Duquesne Nantes","og_description":"Mentions l\u00e9gales Termes et conditions Conform\u00e9ment \u00e0 la loi n\u00b02004-575 du 21 juin dans la Confiance dans l\u2019\u00e9conomie num\u00e9rique, sont\u00a0expos\u00e9s \u00e0 suivre les donn\u00e9es d\u2019identification de la soci\u00e9t\u00e9 propri\u00e9taire du domaine \u201chotels-centre-nantes.fr\u201d\u00a0: Raison sociale : SAS Anolisa N\u00b0 SIRET : 53474800900014 Si\u00e8ge social :\u00a011 rue Guibal, 44000 Nantes, France T\u00e9l\u00e9phone : +33 (0) 2 40 [&hellip;]","og_url":"https:\/\/www.hotelpetitduquesne.com\/es\/menciones-legales\/","og_site_name":"H\u00f4tel Petit Duquesne Nantes","article_modified_time":"2026-02-19T15:45:08+00:00","twitter_card":"summary_large_image","twitter_misc":{"Tiempo de lectura":"2 minutos"},"schema":{"@context":"https:\/\/schema.org","@graph":[{"@type":"WebPage","@id":"https:\/\/www.hotelpetitduquesne.com\/mentions-legales\/","url":"https:\/\/www.hotelpetitduquesne.com\/mentions-legales\/","name":"Mentions l\u00e9gales - H\u00f4tel Petit Duquesne Nantes","isPartOf":{"@id":"https:\/\/www.hotelpetitduquesne.com\/#website"},"datePublished":"2024-03-13T15:16:31+00:00","dateModified":"2026-02-19T15:45:08+00:00","breadcrumb":{"@id":"https:\/\/www.hotelpetitduquesne.com\/mentions-legales\/#breadcrumb"},"inLanguage":"es","potentialAction":[{"@type":"ReadAction","target":["https:\/\/www.hotelpetitduquesne.com\/mentions-legales\/"]}]},{"@type":"BreadcrumbList","@id":"https:\/\/www.hotelpetitduquesne.com\/mentions-legales\/#breadcrumb","itemListElement":[{"@type":"ListItem","position":1,"name":"Accueil","item":"https:\/\/www.hotelpetitduquesne.com\/"},{"@type":"ListItem","position":2,"name":"Mentions l\u00e9gales"}]},{"@type":"WebSite","@id":"https:\/\/www.hotelpetitduquesne.com\/#website","url":"https:\/\/www.hotelpetitduquesne.com\/","name":"H\u00f4tel Petit Duquesne Nantes","description":"H\u00f4tel au centre de Nantes","publisher":{"@id":"https:\/\/www.hotelpetitduquesne.com\/#organization"},"potentialAction":[{"@type":"SearchAction","target":{"@type":"EntryPoint","urlTemplate":"https:\/\/www.hotelpetitduquesne.com\/?s={search_term_string}"},"query-input":{"@type":"PropertyValueSpecification","valueRequired":true,"valueName":"search_term_string"}}],"inLanguage":"es"},{"@type":"Organization","@id":"https:\/\/www.hotelpetitduquesne.com\/#organization","name":"H\u00f4tel Petit Duquesne Nantes","url":"https:\/\/www.hotelpetitduquesne.com\/","logo":{"@type":"ImageObject","inLanguage":"es","@id":"https:\/\/www.hotelpetitduquesne.com\/#\/schema\/logo\/image\/","url":"https:\/\/www.hotelpetitduquesne.com\/wp-content\/uploads\/2024\/01\/Logo-Duquesne-horizontal.png","contentUrl":"https:\/\/www.hotelpetitduquesne.com\/wp-content\/uploads\/2024\/01\/Logo-Duquesne-horizontal.png","width":208,"height":82,"caption":"H\u00f4tel Petit Duquesne Nantes"},"image":{"@id":"https:\/\/www.hotelpetitduquesne.com\/#\/schema\/logo\/image\/"}}]}},"_links":{"self":[{"href":"https:\/\/www.hotelpetitduquesne.com\/es\/wp-json\/wp\/v2\/pages\/2509","targetHints":{"allow":["GET"]}}],"collection":[{"href":"https:\/\/www.hotelpetitduquesne.com\/es\/wp-json\/wp\/v2\/pages"}],"about":[{"href":"https:\/\/www.hotelpetitduquesne.com\/es\/wp-json\/wp\/v2\/types\/page"}],"author":[{"embeddable":true,"href":"https:\/\/www.hotelpetitduquesne.com\/es\/wp-json\/wp\/v2\/users\/7"}],"replies":[{"embeddable":true,"href":"https:\/\/www.hotelpetitduquesne.com\/es\/wp-json\/wp\/v2\/comments?post=2509"}],"version-history":[{"count":46,"href":"https:\/\/www.hotelpetitduquesne.com\/es\/wp-json\/wp\/v2\/pages\/2509\/revisions"}],"predecessor-version":[{"id":3761,"href":"https:\/\/www.hotelpetitduquesne.com\/es\/wp-json\/wp\/v2\/pages\/2509\/revisions\/3761"}],"wp:attachment":[{"href":"https:\/\/www.hotelpetitduquesne.com\/es\/wp-json\/wp\/v2\/media?parent=2509"}],"wp:term":[{"taxonomy":"pages-categories","embeddable":true,"href":"https:\/\/www.hotelpetitduquesne.com\/es\/wp-json\/wp\/v2\/pages-categories?post=2509"},{"taxonomy":"pages-tags","embeddable":true,"href":"https:\/\/www.hotelpetitduquesne.com\/es\/wp-json\/wp\/v2\/pages-tags?post=2509"}],"curies":[{"name":"wp","href":"https:\/\/api.w.org\/{rel}","templated":true}]}}